{"id":160,"date":"2023-09-10T18:02:07","date_gmt":"2023-09-10T17:02:07","guid":{"rendered":"https:\/\/esmorernegre.com\/?page_id=160"},"modified":"2023-09-12T12:16:20","modified_gmt":"2023-09-12T11:16:20","slug":"sobre-mi","status":"publish","type":"page","link":"https:\/\/esmorernegre.com\/index.php\/sobre-mi\/","title":{"rendered":"\u00bfQui\u00e9n es Tomeu Colom?"},"content":{"rendered":"\r\n<div class=\"wp-block-spacer\" style=\"height: 100px;\" aria-hidden=\"true\">\u00a0<\/div>\r\n\r\n\r\n\r\n<p>\u00a1Hola!<\/p>\r\n\r\n\r\n\r\n<p>Soy Tomeu Colom y te doy la bienvenida a Es morer negre.<\/p>\r\n\r\n\r\n\r\n<p>En realidad no tengo una carpinter\u00eda.<\/p>\r\n\r\n\r\n\r\n<p>Ni soy carpintero de profesi\u00f3n.<\/p>\r\n\r\n\r\n\r\n<p>Ni siquiera ebanista.<\/p>\r\n\r\n\r\n\r\n<p>\u00bfY qu\u00e9 hago aqu\u00ed, en una web sobre carpinter\u00eda de autor?<\/p>\r\n\r\n\r\n\r\n<p>Es una gran pregunta que me hago constantemente.<\/p>\r\n\r\n\r\n\r\n<p>Pero no temas. En realidad este proyecto tiene todo el sentido cuando miras la historia de mi vida.<\/p>\r\n\r\n\r\n\r\n<p>Una historia llena de preguntas, de curiosidad, de intriga.<\/p>\r\n\r\n\r\n\r\n<p>\u00bfC\u00f3mo funcionan las cosas?<\/p>\r\n\r\n\r\n\r\n<p>\u00bfDe qu\u00e9 est\u00e1n hechas?<\/p>\r\n\r\n\r\n\r\n<p>S\u00ed, un ni\u00f1o inquieto y pregunt\u00f3n. Tambi\u00e9n introvertido. Por eso mi b\u00fasqueda interior la hice muchas veces en silencio.<\/p>\r\n\r\n\r\n\r\n<p>Tal vez te sorprenda si te digo que soy m\u00e9dico. Y que llevo ejerciendo como tal muchos a\u00f1os.<\/p>\r\n\r\n\r\n\r\n<p>Lo que s\u00ed te aseguro es que esa profesi\u00f3n ha marcado mi vida y mi concepci\u00f3n del mundo.<\/p>\r\n\r\n\r\n\r\n<p>El contacto con las facetas extremas de la vida y esa b\u00fasqueda insaciable de respuestas, acaban en alg\u00fan sitio, por lo general buscando su expresi\u00f3n art\u00edstica.<\/p>\r\n\r\n\r\n\r\n<p>Para m\u00ed, trabajar la madera, mantener ese di\u00e1logo con las formas, buscar y encontrar soluciones, entender los equilibrios, la naturaleza de los materiales&#8230; todo eso ha derivado en otra profesi\u00f3n donde me encuentro bien.<\/p>\r\n\r\n\r\n\r\n<p>Muy bien.<\/p>\r\n\r\n\r\n\r\n<p>Y de ah\u00ed que te ofrezca la posibilidad de disponer de un mueble, si lo quieres llamar as\u00ed, de autor, o de autores, porque el cliente participa siempre en el proceso.<\/p>\r\n\r\n\r\n\r\n<p>Porque lo de \u00aba medida\u00bb no me satisface. Es incompleto. No se trata s\u00f3lo de que encaje en un lugar.<\/p>\r\n\r\n\r\n\r\n<p>Se trata de que tenga sentido y, es m\u00e1s, que de sentido, a ese lugar.<\/p>\r\n\r\n\r\n\r\n\r\n\r\n<p>&nbsp;<\/p>\r\n","protected":false},"excerpt":{"rendered":"<p>\u00a1Hola! Soy Tomeu Colom y te doy la bienvenida a Es morer negre. En realidad no tengo una carpinter\u00eda. Ni soy carpintero de profesi\u00f3n. Ni siquiera ebanista. \u00bfY qu\u00e9 hago aqu\u00ed, en una web sobre carpinter\u00eda de autor? Es una gran pregunta que me hago constantemente. Pero no temas. En realidad este proyecto tiene todo [&hellip;]<\/p>\n","protected":false},"author":1,"featured_media":0,"parent":0,"menu_order":0,"comment_status":"closed","ping_status":"closed","template":"wp-custom-template-quien-soy","meta":{"editor_plus_copied_stylings":"{}","footnotes":""},"class_list":["post-160","page","type-page","status-publish","hentry"],"yoast_head":"<!-- This site is optimized with the Yoast SEO plugin v21.2 - https:\/\/yoast.com\/wordpress\/plugins\/seo\/ -->\n<title>\u00bfQui\u00e9n es Tomeu Colom? | Es morer negre<\/title>\n<meta name=\"description\" content=\"Muebles de autor hechos con maderas naturales, herramientas manuales y mucho amor\" \/>\n<meta name=\"robots\" content=\"index, follow, max-snippet:-1, max-image-preview:large, max-video-preview:-1\" \/>\n<link rel=\"canonical\" href=\"https:\/\/esmorernegre.com\/index.php\/sobre-mi\/\" \/>\n<meta property=\"og:locale\" content=\"es_ES\" \/>\n<meta property=\"og:type\" content=\"article\" \/>\n<meta property=\"og:title\" content=\"\u00bfQui\u00e9n es Tomeu Colom? | Es morer negre\" \/>\n<meta property=\"og:description\" content=\"Muebles de autor hechos con maderas naturales, herramientas manuales y mucho amor\" \/>\n<meta property=\"og:url\" content=\"https:\/\/esmorernegre.com\/index.php\/sobre-mi\/\" \/>\n<meta property=\"og:site_name\" content=\"Es morer negre\" \/>\n<meta property=\"article:modified_time\" content=\"2023-09-12T11:16:20+00:00\" \/>\n<meta name=\"twitter:card\" content=\"summary_large_image\" \/>\n<meta name=\"twitter:label1\" content=\"Tiempo de lectura\" \/>\n\t<meta name=\"twitter:data1\" content=\"1 minuto\" \/>\n<script type=\"application\/ld+json\" class=\"yoast-schema-graph\">{\"@context\":\"https:\/\/schema.org\",\"@graph\":[{\"@type\":\"WebPage\",\"@id\":\"https:\/\/esmorernegre.com\/index.php\/sobre-mi\/\",\"url\":\"https:\/\/esmorernegre.com\/index.php\/sobre-mi\/\",\"name\":\"\u00bfQui\u00e9n es Tomeu Colom? | Es morer negre\",\"isPartOf\":{\"@id\":\"https:\/\/esmorernegre.com\/#website\"},\"datePublished\":\"2023-09-10T17:02:07+00:00\",\"dateModified\":\"2023-09-12T11:16:20+00:00\",\"description\":\"Muebles de autor hechos con maderas naturales, herramientas manuales y mucho amor\",\"breadcrumb\":{\"@id\":\"https:\/\/esmorernegre.com\/index.php\/sobre-mi\/#breadcrumb\"},\"inLanguage\":\"es\",\"potentialAction\":[{\"@type\":\"ReadAction\",\"target\":[\"https:\/\/esmorernegre.com\/index.php\/sobre-mi\/\"]}]},{\"@type\":\"BreadcrumbList\",\"@id\":\"https:\/\/esmorernegre.com\/index.php\/sobre-mi\/#breadcrumb\",\"itemListElement\":[{\"@type\":\"ListItem\",\"position\":1,\"name\":\"Portada\",\"item\":\"https:\/\/esmorernegre.com\/\"},{\"@type\":\"ListItem\",\"position\":2,\"name\":\"\u00bfQui\u00e9n es Tomeu Colom?\"}]},{\"@type\":\"WebSite\",\"@id\":\"https:\/\/esmorernegre.com\/#website\",\"url\":\"https:\/\/esmorernegre.com\/\",\"name\":\"Es morer negre\",\"description\":\"Fusteria singular - Hand Made Furnitures\",\"publisher\":{\"@id\":\"https:\/\/esmorernegre.com\/#\/schema\/person\/c3e38654fcedf9eedde26e4b5d23cdd7\"},\"potentialAction\":[{\"@type\":\"SearchAction\",\"target\":{\"@type\":\"EntryPoint\",\"urlTemplate\":\"https:\/\/esmorernegre.com\/?s={search_term_string}\"},\"query-input\":\"required name=search_term_string\"}],\"inLanguage\":\"es\"},{\"@type\":[\"Person\",\"Organization\"],\"@id\":\"https:\/\/esmorernegre.com\/#\/schema\/person\/c3e38654fcedf9eedde26e4b5d23cdd7\",\"name\":\"admin\",\"image\":{\"@type\":\"ImageObject\",\"inLanguage\":\"es\",\"@id\":\"https:\/\/esmorernegre.com\/#\/schema\/person\/image\/\",\"url\":\"https:\/\/esmorernegre.com\/wp-content\/uploads\/2023\/09\/2.png\",\"contentUrl\":\"https:\/\/esmorernegre.com\/wp-content\/uploads\/2023\/09\/2.png\",\"width\":1080,\"height\":1080,\"caption\":\"admin\"},\"logo\":{\"@id\":\"https:\/\/esmorernegre.com\/#\/schema\/person\/image\/\"},\"sameAs\":[\"http:\/\/esmorernegre.com\",\"https:\/\/www.instagram.com\/esmorernegre\/\"]}]}<\/script>\n<!-- \/ Yoast SEO plugin. -->","yoast_head_json":{"title":"\u00bfQui\u00e9n es Tomeu Colom? | Es morer negre","description":"Muebles de autor hechos con maderas naturales, herramientas manuales y mucho amor","robots":{"index":"index","follow":"follow","max-snippet":"max-snippet:-1","max-image-preview":"max-image-preview:large","max-video-preview":"max-video-preview:-1"},"canonical":"https:\/\/esmorernegre.com\/index.php\/sobre-mi\/","og_locale":"es_ES","og_type":"article","og_title":"\u00bfQui\u00e9n es Tomeu Colom? | Es morer negre","og_description":"Muebles de autor hechos con maderas naturales, herramientas manuales y mucho amor","og_url":"https:\/\/esmorernegre.com\/index.php\/sobre-mi\/","og_site_name":"Es morer negre","article_modified_time":"2023-09-12T11:16:20+00:00","twitter_card":"summary_large_image","twitter_misc":{"Tiempo de lectura":"1 minuto"},"schema":{"@context":"https:\/\/schema.org","@graph":[{"@type":"WebPage","@id":"https:\/\/esmorernegre.com\/index.php\/sobre-mi\/","url":"https:\/\/esmorernegre.com\/index.php\/sobre-mi\/","name":"\u00bfQui\u00e9n es Tomeu Colom? | Es morer negre","isPartOf":{"@id":"https:\/\/esmorernegre.com\/#website"},"datePublished":"2023-09-10T17:02:07+00:00","dateModified":"2023-09-12T11:16:20+00:00","description":"Muebles de autor hechos con maderas naturales, herramientas manuales y mucho amor","breadcrumb":{"@id":"https:\/\/esmorernegre.com\/index.php\/sobre-mi\/#breadcrumb"},"inLanguage":"es","potentialAction":[{"@type":"ReadAction","target":["https:\/\/esmorernegre.com\/index.php\/sobre-mi\/"]}]},{"@type":"BreadcrumbList","@id":"https:\/\/esmorernegre.com\/index.php\/sobre-mi\/#breadcrumb","itemListElement":[{"@type":"ListItem","position":1,"name":"Portada","item":"https:\/\/esmorernegre.com\/"},{"@type":"ListItem","position":2,"name":"\u00bfQui\u00e9n es Tomeu Colom?"}]},{"@type":"WebSite","@id":"https:\/\/esmorernegre.com\/#website","url":"https:\/\/esmorernegre.com\/","name":"Es morer negre","description":"Fusteria singular - Hand Made Furnitures","publisher":{"@id":"https:\/\/esmorernegre.com\/#\/schema\/person\/c3e38654fcedf9eedde26e4b5d23cdd7"},"potentialAction":[{"@type":"SearchAction","target":{"@type":"EntryPoint","urlTemplate":"https:\/\/esmorernegre.com\/?s={search_term_string}"},"query-input":"required name=search_term_string"}],"inLanguage":"es"},{"@type":["Person","Organization"],"@id":"https:\/\/esmorernegre.com\/#\/schema\/person\/c3e38654fcedf9eedde26e4b5d23cdd7","name":"admin","image":{"@type":"ImageObject","inLanguage":"es","@id":"https:\/\/esmorernegre.com\/#\/schema\/person\/image\/","url":"https:\/\/esmorernegre.com\/wp-content\/uploads\/2023\/09\/2.png","contentUrl":"https:\/\/esmorernegre.com\/wp-content\/uploads\/2023\/09\/2.png","width":1080,"height":1080,"caption":"admin"},"logo":{"@id":"https:\/\/esmorernegre.com\/#\/schema\/person\/image\/"},"sameAs":["http:\/\/esmorernegre.com","https:\/\/www.instagram.com\/esmorernegre\/"]}]}},"_links":{"self":[{"href":"https:\/\/esmorernegre.com\/index.php\/wp-json\/wp\/v2\/pages\/160","targetHints":{"allow":["GET"]}}],"collection":[{"href":"https:\/\/esmorernegre.com\/index.php\/wp-json\/wp\/v2\/pages"}],"about":[{"href":"https:\/\/esmorernegre.com\/index.php\/wp-json\/wp\/v2\/types\/page"}],"author":[{"embeddable":true,"href":"https:\/\/esmorernegre.com\/index.php\/wp-json\/wp\/v2\/users\/1"}],"replies":[{"embeddable":true,"href":"https:\/\/esmorernegre.com\/index.php\/wp-json\/wp\/v2\/comments?post=160"}],"version-history":[{"count":5,"href":"https:\/\/esmorernegre.com\/index.php\/wp-json\/wp\/v2\/pages\/160\/revisions"}],"predecessor-version":[{"id":274,"href":"https:\/\/esmorernegre.com\/index.php\/wp-json\/wp\/v2\/pages\/160\/revisions\/274"}],"wp:attachment":[{"href":"https:\/\/esmorernegre.com\/index.php\/wp-json\/wp\/v2\/media?parent=160"}],"curies":[{"name":"wp","href":"https:\/\/api.w.org\/{rel}","templated":true}]}}