{"id":166,"date":"2023-09-10T18:05:01","date_gmt":"2023-09-10T17:05:01","guid":{"rendered":"https:\/\/esmorernegre.com\/?page_id=166"},"modified":"2023-09-11T18:40:16","modified_gmt":"2023-09-11T17:40:16","slug":"hablamos","status":"publish","type":"page","link":"https:\/\/esmorernegre.com\/index.php\/hablamos\/","title":{"rendered":"\u00bfHablamos?"},"content":{"rendered":"\r\n<div class=\"wp-block-spacer\" style=\"height: 100px;\" aria-hidden=\"true\">\u00a0<\/div>\r\n\r\n\r\n\r\n<p>Si tienes una idea, un proyecto o una intuici\u00f3n, no dudes en contactarme a trav\u00e9s de este formulario.<\/p>\r\n\r\n\r\n\r\n<p>No te mandar\u00e9 spam ni utilizar\u00e9 tu correo para otros fines que no sea trabajar juntos.<\/p>\r\n\r\n\r\n\r\n<div class=\"wp-block-contact-form-7-contact-form-selector\">\n<div class=\"wpcf7 no-js\" id=\"wpcf7-f23-o1\" lang=\"es-ES\" dir=\"ltr\">\n<div class=\"screen-reader-response\"><p role=\"status\" aria-live=\"polite\" aria-atomic=\"true\"><\/p> <ul><\/ul><\/div>\n<form action=\"\/index.php\/wp-json\/wp\/v2\/pages\/166#wpcf7-f23-o1\" method=\"post\" class=\"wpcf7-form init\" aria-label=\"Formulario de contacto\" novalidate=\"novalidate\" data-status=\"init\">\n<div style=\"display: none;\">\n<input type=\"hidden\" name=\"_wpcf7\" value=\"23\" \/>\n<input type=\"hidden\" name=\"_wpcf7_version\" value=\"5.8\" \/>\n<input type=\"hidden\" name=\"_wpcf7_locale\" value=\"es_ES\" \/>\n<input type=\"hidden\" name=\"_wpcf7_unit_tag\" value=\"wpcf7-f23-o1\" \/>\n<input type=\"hidden\" name=\"_wpcf7_container_post\" value=\"0\" \/>\n<input type=\"hidden\" name=\"_wpcf7_posted_data_hash\" value=\"\" \/>\n<\/div>\n<p><label> \u00bfC\u00f3mo te llamas?<br \/>\n<span class=\"wpcf7-form-control-wrap\" data-name=\"your-name\"><input size=\"40\" class=\"wpcf7-form-control wpcf7-text wpcf7-validates-as-required\" autocomplete=\"name\" aria-required=\"true\" aria-invalid=\"false\" value=\"\" type=\"text\" name=\"your-name\" \/><\/span> <\/label>\n<\/p>\n<p><label> Tu mejor correo electr\u00f3nico<br \/>\n<span class=\"wpcf7-form-control-wrap\" data-name=\"your-email\"><input size=\"40\" class=\"wpcf7-form-control wpcf7-email wpcf7-validates-as-required wpcf7-text wpcf7-validates-as-email\" autocomplete=\"email\" aria-required=\"true\" aria-invalid=\"false\" value=\"\" type=\"email\" name=\"your-email\" \/><\/span> <\/label>\n<\/p>\n<p><label> Asunto<br \/>\n<span class=\"wpcf7-form-control-wrap\" data-name=\"your-subject\"><input size=\"40\" class=\"wpcf7-form-control wpcf7-text wpcf7-validates-as-required\" aria-required=\"true\" aria-invalid=\"false\" value=\"\" type=\"text\" name=\"your-subject\" \/><\/span> <\/label>\n<\/p>\n<p><label> \u00bfEn qu\u00e9 te puedo ayudar? \u00bfQu\u00e9 ideas tienes?<br \/>\n<span class=\"wpcf7-form-control-wrap\" data-name=\"your-message\"><textarea cols=\"40\" rows=\"10\" class=\"wpcf7-form-control wpcf7-textarea\" aria-invalid=\"false\" name=\"your-message\"><\/textarea><\/span> <\/label>\n<\/p>\n<p><input class=\"wpcf7-form-control wpcf7-submit has-spinner\" type=\"submit\" value=\"Enviar\" \/>\n<\/p><div class=\"wpcf7-response-output\" aria-hidden=\"true\"><\/div>\n<\/form>\n<\/div>\n<\/div>\r\n","protected":false},"excerpt":{"rendered":"<p>Si tienes una idea, un proyecto o una intuici\u00f3n, no dudes en contactarme a trav\u00e9s de este formulario. No te mandar\u00e9 spam ni utilizar\u00e9 tu correo para otros fines que no sea trabajar juntos.<\/p>\n","protected":false},"author":1,"featured_media":0,"parent":0,"menu_order":0,"comment_status":"closed","ping_status":"closed","template":"wp-custom-template-contacto","meta":{"editor_plus_copied_stylings":"{}","footnotes":""},"class_list":["post-166","page","type-page","status-publish","hentry"],"yoast_head":"<!-- This site is optimized with the Yoast SEO plugin v21.2 - https:\/\/yoast.com\/wordpress\/plugins\/seo\/ -->\n<title>\u00bfHablamos? | Es morer negre<\/title>\n<meta name=\"description\" content=\"Muebles de autor hechos con maderas naturales, herramientas manuales y mucho amor\" \/>\n<meta name=\"robots\" content=\"index, follow, max-snippet:-1, max-image-preview:large, max-video-preview:-1\" \/>\n<link rel=\"canonical\" href=\"https:\/\/esmorernegre.com\/index.php\/hablamos\/\" \/>\n<meta property=\"og:locale\" content=\"es_ES\" \/>\n<meta property=\"og:type\" content=\"article\" \/>\n<meta property=\"og:title\" content=\"\u00bfHablamos? | Es morer negre\" \/>\n<meta property=\"og:description\" content=\"Muebles de autor hechos con maderas naturales, herramientas manuales y mucho amor\" \/>\n<meta property=\"og:url\" content=\"https:\/\/esmorernegre.com\/index.php\/hablamos\/\" \/>\n<meta property=\"og:site_name\" content=\"Es morer negre\" \/>\n<meta property=\"article:modified_time\" content=\"2023-09-11T17:40:16+00:00\" \/>\n<meta name=\"twitter:card\" content=\"summary_large_image\" \/>\n<script type=\"application\/ld+json\" class=\"yoast-schema-graph\">{\"@context\":\"https:\/\/schema.org\",\"@graph\":[{\"@type\":\"WebPage\",\"@id\":\"https:\/\/esmorernegre.com\/index.php\/hablamos\/\",\"url\":\"https:\/\/esmorernegre.com\/index.php\/hablamos\/\",\"name\":\"\u00bfHablamos? | Es morer negre\",\"isPartOf\":{\"@id\":\"https:\/\/esmorernegre.com\/#website\"},\"datePublished\":\"2023-09-10T17:05:01+00:00\",\"dateModified\":\"2023-09-11T17:40:16+00:00\",\"description\":\"Muebles de autor hechos con maderas naturales, herramientas manuales y mucho amor\",\"breadcrumb\":{\"@id\":\"https:\/\/esmorernegre.com\/index.php\/hablamos\/#breadcrumb\"},\"inLanguage\":\"es\",\"potentialAction\":[{\"@type\":\"ReadAction\",\"target\":[\"https:\/\/esmorernegre.com\/index.php\/hablamos\/\"]}]},{\"@type\":\"BreadcrumbList\",\"@id\":\"https:\/\/esmorernegre.com\/index.php\/hablamos\/#breadcrumb\",\"itemListElement\":[{\"@type\":\"ListItem\",\"position\":1,\"name\":\"Portada\",\"item\":\"https:\/\/esmorernegre.com\/\"},{\"@type\":\"ListItem\",\"position\":2,\"name\":\"\u00bfHablamos?\"}]},{\"@type\":\"WebSite\",\"@id\":\"https:\/\/esmorernegre.com\/#website\",\"url\":\"https:\/\/esmorernegre.com\/\",\"name\":\"Es morer negre\",\"description\":\"Fusteria singular - Hand Made Furnitures\",\"publisher\":{\"@id\":\"https:\/\/esmorernegre.com\/#\/schema\/person\/c3e38654fcedf9eedde26e4b5d23cdd7\"},\"potentialAction\":[{\"@type\":\"SearchAction\",\"target\":{\"@type\":\"EntryPoint\",\"urlTemplate\":\"https:\/\/esmorernegre.com\/?s={search_term_string}\"},\"query-input\":\"required name=search_term_string\"}],\"inLanguage\":\"es\"},{\"@type\":[\"Person\",\"Organization\"],\"@id\":\"https:\/\/esmorernegre.com\/#\/schema\/person\/c3e38654fcedf9eedde26e4b5d23cdd7\",\"name\":\"admin\",\"image\":{\"@type\":\"ImageObject\",\"inLanguage\":\"es\",\"@id\":\"https:\/\/esmorernegre.com\/#\/schema\/person\/image\/\",\"url\":\"https:\/\/esmorernegre.com\/wp-content\/uploads\/2023\/09\/2.png\",\"contentUrl\":\"https:\/\/esmorernegre.com\/wp-content\/uploads\/2023\/09\/2.png\",\"width\":1080,\"height\":1080,\"caption\":\"admin\"},\"logo\":{\"@id\":\"https:\/\/esmorernegre.com\/#\/schema\/person\/image\/\"},\"sameAs\":[\"http:\/\/esmorernegre.com\",\"https:\/\/www.instagram.com\/esmorernegre\/\"]}]}<\/script>\n<!-- \/ Yoast SEO plugin. -->","yoast_head_json":{"title":"\u00bfHablamos? | Es morer negre","description":"Muebles de autor hechos con maderas naturales, herramientas manuales y mucho amor","robots":{"index":"index","follow":"follow","max-snippet":"max-snippet:-1","max-image-preview":"max-image-preview:large","max-video-preview":"max-video-preview:-1"},"canonical":"https:\/\/esmorernegre.com\/index.php\/hablamos\/","og_locale":"es_ES","og_type":"article","og_title":"\u00bfHablamos? | Es morer negre","og_description":"Muebles de autor hechos con maderas naturales, herramientas manuales y mucho amor","og_url":"https:\/\/esmorernegre.com\/index.php\/hablamos\/","og_site_name":"Es morer negre","article_modified_time":"2023-09-11T17:40:16+00:00","twitter_card":"summary_large_image","schema":{"@context":"https:\/\/schema.org","@graph":[{"@type":"WebPage","@id":"https:\/\/esmorernegre.com\/index.php\/hablamos\/","url":"https:\/\/esmorernegre.com\/index.php\/hablamos\/","name":"\u00bfHablamos? | Es morer negre","isPartOf":{"@id":"https:\/\/esmorernegre.com\/#website"},"datePublished":"2023-09-10T17:05:01+00:00","dateModified":"2023-09-11T17:40:16+00:00","description":"Muebles de autor hechos con maderas naturales, herramientas manuales y mucho amor","breadcrumb":{"@id":"https:\/\/esmorernegre.com\/index.php\/hablamos\/#breadcrumb"},"inLanguage":"es","potentialAction":[{"@type":"ReadAction","target":["https:\/\/esmorernegre.com\/index.php\/hablamos\/"]}]},{"@type":"BreadcrumbList","@id":"https:\/\/esmorernegre.com\/index.php\/hablamos\/#breadcrumb","itemListElement":[{"@type":"ListItem","position":1,"name":"Portada","item":"https:\/\/esmorernegre.com\/"},{"@type":"ListItem","position":2,"name":"\u00bfHablamos?"}]},{"@type":"WebSite","@id":"https:\/\/esmorernegre.com\/#website","url":"https:\/\/esmorernegre.com\/","name":"Es morer negre","description":"Fusteria singular - Hand Made Furnitures","publisher":{"@id":"https:\/\/esmorernegre.com\/#\/schema\/person\/c3e38654fcedf9eedde26e4b5d23cdd7"},"potentialAction":[{"@type":"SearchAction","target":{"@type":"EntryPoint","urlTemplate":"https:\/\/esmorernegre.com\/?s={search_term_string}"},"query-input":"required name=search_term_string"}],"inLanguage":"es"},{"@type":["Person","Organization"],"@id":"https:\/\/esmorernegre.com\/#\/schema\/person\/c3e38654fcedf9eedde26e4b5d23cdd7","name":"admin","image":{"@type":"ImageObject","inLanguage":"es","@id":"https:\/\/esmorernegre.com\/#\/schema\/person\/image\/","url":"https:\/\/esmorernegre.com\/wp-content\/uploads\/2023\/09\/2.png","contentUrl":"https:\/\/esmorernegre.com\/wp-content\/uploads\/2023\/09\/2.png","width":1080,"height":1080,"caption":"admin"},"logo":{"@id":"https:\/\/esmorernegre.com\/#\/schema\/person\/image\/"},"sameAs":["http:\/\/esmorernegre.com","https:\/\/www.instagram.com\/esmorernegre\/"]}]}},"_links":{"self":[{"href":"https:\/\/esmorernegre.com\/index.php\/wp-json\/wp\/v2\/pages\/166","targetHints":{"allow":["GET"]}}],"collection":[{"href":"https:\/\/esmorernegre.com\/index.php\/wp-json\/wp\/v2\/pages"}],"about":[{"href":"https:\/\/esmorernegre.com\/index.php\/wp-json\/wp\/v2\/types\/page"}],"author":[{"embeddable":true,"href":"https:\/\/esmorernegre.com\/index.php\/wp-json\/wp\/v2\/users\/1"}],"replies":[{"embeddable":true,"href":"https:\/\/esmorernegre.com\/index.php\/wp-json\/wp\/v2\/comments?post=166"}],"version-history":[{"count":5,"href":"https:\/\/esmorernegre.com\/index.php\/wp-json\/wp\/v2\/pages\/166\/revisions"}],"predecessor-version":[{"id":245,"href":"https:\/\/esmorernegre.com\/index.php\/wp-json\/wp\/v2\/pages\/166\/revisions\/245"}],"wp:attachment":[{"href":"https:\/\/esmorernegre.com\/index.php\/wp-json\/wp\/v2\/media?parent=166"}],"curies":[{"name":"wp","href":"https:\/\/api.w.org\/{rel}","templated":true}]}}